{"id":44,"date":"2022-01-20T13:26:33","date_gmt":"2022-01-20T13:26:33","guid":{"rendered":"https:\/\/kjbb-tk.de\/?page_id=44"},"modified":"2026-03-24T09:57:50","modified_gmt":"2026-03-24T09:57:50","slug":"das-sind-wir","status":"publish","type":"page","link":"https:\/\/kjbb-tk.de\/index.php\/das-sind-wir\/","title":{"rendered":"Was ist das KJBB?"},"content":{"rendered":"\t\t<div data-elementor-type=\"wp-page\" data-elementor-id=\"44\" class=\"elementor elementor-44\">\n\t\t\t\t\t\t<section class=\"elementor-section elementor-top-section elementor-element elementor-element-ea31101 elementor-section-boxed elementor-section-height-default elementor-section-height-default\" data-id=\"ea31101\" data-element_type=\"section\" data-e-type=\"section\">\n\t\t\t\t\t\t<div class=\"elementor-container elementor-column-gap-default\">\n\t\t\t\t\t<div class=\"elementor-column elementor-col-100 elementor-top-column elementor-element elementor-element-a60e4fb\" data-id=\"a60e4fb\" data-element_type=\"column\" data-e-type=\"column\">\n\t\t\t<div class=\"elementor-widget-wrap elementor-element-populated\">\n\t\t\t\t\t\t<div class=\"elementor-element elementor-element-6479f43 elementor-widget elementor-widget-image\" data-id=\"6479f43\" data-element_type=\"widget\" data-e-type=\"widget\" data-widget_type=\"image.default\">\n\t\t\t\t<div class=\"elementor-widget-container\">\n\t\t\t\t\t\t\t\t\t\t\t\t\t\t\t<img fetchpriority=\"high\" decoding=\"async\" width=\"1024\" height=\"344\" src=\"https:\/\/kjbb-tk.de\/wp-content\/uploads\/2022\/05\/KJBB_Web_Banner-1024x344.jpg\" class=\"attachment-large size-large wp-image-166 no-lazy\" alt=\"\" srcset=\"https:\/\/kjbb-tk.de\/wp-content\/uploads\/2022\/05\/KJBB_Web_Banner-1024x344.jpg 1024w, https:\/\/kjbb-tk.de\/wp-content\/uploads\/2022\/05\/KJBB_Web_Banner-300x101.jpg 300w, https:\/\/kjbb-tk.de\/wp-content\/uploads\/2022\/05\/KJBB_Web_Banner-768x258.jpg 768w, https:\/\/kjbb-tk.de\/wp-content\/uploads\/2022\/05\/KJBB_Web_Banner-1536x516.jpg 1536w, https:\/\/kjbb-tk.de\/wp-content\/uploads\/2022\/05\/KJBB_Web_Banner-2048x688.jpg 2048w\" sizes=\"(max-width: 1024px) 100vw, 1024px\" \/>\t\t\t\t\t\t\t\t\t\t\t\t\t\t\t<\/div>\n\t\t\t\t<\/div>\n\t\t\t\t<div class=\"elementor-element elementor-element-8e1dabc elementor-widget elementor-widget-text-editor\" data-id=\"8e1dabc\" data-element_type=\"widget\" data-e-type=\"widget\" data-widget_type=\"text-editor.default\">\n\t\t\t\t<div class=\"elementor-widget-container\">\n\t\t\t\t\t\t\t\t\t<h3><span style=\"color: #000000;\"><em><strong>Was ist das KJBB?<\/strong><\/em><\/span><\/h3>\t\t\t\t\t\t\t\t<\/div>\n\t\t\t\t<\/div>\n\t\t\t\t<div class=\"elementor-element elementor-element-ad89858 elementor-widget elementor-widget-text-editor\" data-id=\"ad89858\" data-element_type=\"widget\" data-e-type=\"widget\" data-widget_type=\"text-editor.default\">\n\t\t\t\t<div class=\"elementor-widget-container\">\n\t\t\t\t\t\t\t\t\t<p><span style=\"color: #000000;\">Wir, das Kinder- und Jugendbeteiligungsb\u00fcro Treptow-K\u00f6penick, wurden im M\u00e4rz 2021 ins Leben gerufen.<\/span><br \/><span style=\"color: #000000;\">Wir wissen, ihr kennt euer Leben selbst am besten und habt ein Recht euch an Entscheidungen zu beteiligen!<\/span><\/p><p><span style=\"color: #000000;\"><em>Aber was machen wir als Kinder- und Jugendbeteiligungsb\u00fcro Treptow-K\u00f6penick eigentlich?<\/em><\/span><br \/><span style=\"color: #000000;\">Wir setzen uns daf\u00fcr ein, dass ihr im Bezirk mitwirken k\u00f6nnt, bei allem was euch betrifft!<\/span><br \/><span style=\"color: #000000;\">Wir helfen euch, eure Interessen zu vertreten, unterst\u00fctzen euch und machen uns stark f\u00fcr eure Rechte!<\/span><br \/><span style=\"color: #000000;\">Wir rufen euch auf, mitzureden, bei Entscheidungen, die euch betreffen und engagieren uns f\u00fcr die Umsetzung eurer Rechte!<\/span><\/p><p><span style=\"color: #000000;\"><strong>Wir geben euch eine Stimme!<\/strong><\/span><\/p>\t\t\t\t\t\t\t\t<\/div>\n\t\t\t\t<\/div>\n\t\t\t\t<div class=\"elementor-element elementor-element-349e817 elementor-widget elementor-widget-text-editor\" data-id=\"349e817\" data-element_type=\"widget\" data-e-type=\"widget\" data-widget_type=\"text-editor.default\">\n\t\t\t\t<div class=\"elementor-widget-container\">\n\t\t\t\t\t\t\t\t\t<p style=\"text-align: center;\"><strong>Das KJBB ist Anlaufstelle f\u00fcr alle Kinder und Jugendlichen in Treptow-K\u00f6penick und vertritt die Interessen und Bed\u00fcrfnisse junger Menschen in der Politik und Verwaltung. Dabei ber\u00e4t, begleitet und unterst\u00fctzt es junge Menschen bei eigenen Projekten\/Initiativen.<\/strong><\/p>\t\t\t\t\t\t\t\t<\/div>\n\t\t\t\t<\/div>\n\t\t\t\t<div class=\"elementor-element elementor-element-ec3a473 elementor-widget elementor-widget-spacer\" data-id=\"ec3a473\" data-element_type=\"widget\" data-e-type=\"widget\" data-widget_type=\"spacer.default\">\n\t\t\t\t<div class=\"elementor-widget-container\">\n\t\t\t\t\t\t\t<div class=\"elementor-spacer\">\n\t\t\t<div class=\"elementor-spacer-inner\"><\/div>\n\t\t<\/div>\n\t\t\t\t\t\t<\/div>\n\t\t\t\t<\/div>\n\t\t\t\t<div class=\"elementor-element elementor-element-e47b295 elementor-widget elementor-widget-text-editor\" data-id=\"e47b295\" data-element_type=\"widget\" data-e-type=\"widget\" data-widget_type=\"text-editor.default\">\n\t\t\t\t<div class=\"elementor-widget-container\">\n\t\t\t\t\t\t\t\t\t<h3><em><strong><span style=\"color: #000000;\">Wer steckt hinter dem KJBB?<\/span><\/strong><\/em><\/h3>\t\t\t\t\t\t\t\t<\/div>\n\t\t\t\t<\/div>\n\t\t\t\t\t<\/div>\n\t\t<\/div>\n\t\t\t\t\t<\/div>\n\t\t<\/section>\n\t\t\t\t<section class=\"elementor-section elementor-top-section elementor-element elementor-element-3d137dc elementor-section-boxed elementor-section-height-default elementor-section-height-default\" data-id=\"3d137dc\" data-element_type=\"section\" data-e-type=\"section\">\n\t\t\t\t\t\t<div class=\"elementor-container elementor-column-gap-default\">\n\t\t\t\t\t<div class=\"elementor-column elementor-col-33 elementor-top-column elementor-element elementor-element-eae4692\" data-id=\"eae4692\" data-element_type=\"column\" data-e-type=\"column\">\n\t\t\t<div class=\"elementor-widget-wrap elementor-element-populated\">\n\t\t\t\t\t\t<div class=\"elementor-element elementor-element-154b200 elementor-widget elementor-widget-image\" data-id=\"154b200\" data-element_type=\"widget\" data-e-type=\"widget\" data-widget_type=\"image.default\">\n\t\t\t\t<div class=\"elementor-widget-container\">\n\t\t\t\t\t\t\t\t\t\t\t\t<figure class=\"wp-caption\">\n\t\t\t\t\t\t\t\t\t\t<img decoding=\"async\" width=\"683\" height=\"1024\" src=\"https:\/\/kjbb-tk.de\/wp-content\/uploads\/2026\/03\/Kristel_Profilbild-683x1024.jpeg\" class=\"attachment-large size-large wp-image-698 no-lazy\" alt=\"\" srcset=\"https:\/\/kjbb-tk.de\/wp-content\/uploads\/2026\/03\/Kristel_Profilbild-683x1024.jpeg 683w, https:\/\/kjbb-tk.de\/wp-content\/uploads\/2026\/03\/Kristel_Profilbild-200x300.jpeg 200w, https:\/\/kjbb-tk.de\/wp-content\/uploads\/2026\/03\/Kristel_Profilbild-768x1151.jpeg 768w, https:\/\/kjbb-tk.de\/wp-content\/uploads\/2026\/03\/Kristel_Profilbild-1025x1536.jpeg 1025w, https:\/\/kjbb-tk.de\/wp-content\/uploads\/2026\/03\/Kristel_Profilbild.jpeg 1182w\" sizes=\"(max-width: 683px) 100vw, 683px\" \/>\t\t\t\t\t\t\t\t\t\t\t<figcaption class=\"widget-image-caption wp-caption-text\">Kristin: Sozialarbeiterin und Leitung des KJBBs <\/figcaption>\n\t\t\t\t\t\t\t\t\t\t<\/figure>\n\t\t\t\t\t\t\t\t\t<\/div>\n\t\t\t\t<\/div>\n\t\t\t\t\t<\/div>\n\t\t<\/div>\n\t\t\t\t<div class=\"elementor-column elementor-col-33 elementor-top-column elementor-element elementor-element-6bfeb5d\" data-id=\"6bfeb5d\" data-element_type=\"column\" data-e-type=\"column\">\n\t\t\t<div class=\"elementor-widget-wrap elementor-element-populated\">\n\t\t\t\t\t\t<div class=\"elementor-element elementor-element-15d99b4 elementor-widget elementor-widget-image\" data-id=\"15d99b4\" data-element_type=\"widget\" data-e-type=\"widget\" data-widget_type=\"image.default\">\n\t\t\t\t<div class=\"elementor-widget-container\">\n\t\t\t\t\t\t\t\t\t\t\t\t<figure class=\"wp-caption\">\n\t\t\t\t\t\t\t\t\t\t<img decoding=\"async\" width=\"768\" height=\"1024\" src=\"https:\/\/kjbb-tk.de\/wp-content\/uploads\/2026\/03\/Leo_Websitebild-768x1024.jpeg\" class=\"attachment-large size-large wp-image-757 no-lazy\" alt=\"\" srcset=\"https:\/\/kjbb-tk.de\/wp-content\/uploads\/2026\/03\/Leo_Websitebild-768x1024.jpeg 768w, https:\/\/kjbb-tk.de\/wp-content\/uploads\/2026\/03\/Leo_Websitebild-225x300.jpeg 225w, https:\/\/kjbb-tk.de\/wp-content\/uploads\/2026\/03\/Leo_Websitebild-1152x1536.jpeg 1152w, https:\/\/kjbb-tk.de\/wp-content\/uploads\/2026\/03\/Leo_Websitebild.jpeg 1200w\" sizes=\"(max-width: 768px) 100vw, 768px\" \/>\t\t\t\t\t\t\t\t\t\t\t<figcaption class=\"widget-image-caption wp-caption-text\">Leonie: Sozialarbeiterin und Zust\u00e4ndige f\u00fcr das KiJuPa TK<\/figcaption>\n\t\t\t\t\t\t\t\t\t\t<\/figure>\n\t\t\t\t\t\t\t\t\t<\/div>\n\t\t\t\t<\/div>\n\t\t\t\t\t<\/div>\n\t\t<\/div>\n\t\t\t\t<div class=\"elementor-column elementor-col-33 elementor-top-column elementor-element elementor-element-c7d43b4\" data-id=\"c7d43b4\" data-element_type=\"column\" data-e-type=\"column\">\n\t\t\t<div class=\"elementor-widget-wrap elementor-element-populated\">\n\t\t\t\t\t\t<div class=\"elementor-element elementor-element-7e15853 elementor-widget elementor-widget-image\" data-id=\"7e15853\" data-element_type=\"widget\" data-e-type=\"widget\" data-widget_type=\"image.default\">\n\t\t\t\t<div class=\"elementor-widget-container\">\n\t\t\t\t\t\t\t\t\t\t\t\t<figure class=\"wp-caption\">\n\t\t\t\t\t\t\t\t\t\t<img loading=\"lazy\" decoding=\"async\" width=\"741\" height=\"1024\" src=\"https:\/\/kjbb-tk.de\/wp-content\/uploads\/2026\/03\/Profilbild-741x1024.jpeg\" class=\"attachment-large size-large wp-image-697 no-lazy\" alt=\"\" srcset=\"https:\/\/kjbb-tk.de\/wp-content\/uploads\/2026\/03\/Profilbild-741x1024.jpeg 741w, https:\/\/kjbb-tk.de\/wp-content\/uploads\/2026\/03\/Profilbild-217x300.jpeg 217w, https:\/\/kjbb-tk.de\/wp-content\/uploads\/2026\/03\/Profilbild-768x1062.jpeg 768w, https:\/\/kjbb-tk.de\/wp-content\/uploads\/2026\/03\/Profilbild-1111x1536.jpeg 1111w, https:\/\/kjbb-tk.de\/wp-content\/uploads\/2026\/03\/Profilbild-1482x2048.jpeg 1482w, https:\/\/kjbb-tk.de\/wp-content\/uploads\/2026\/03\/Profilbild-scaled.jpeg 1852w\" sizes=\"(max-width: 741px) 100vw, 741px\" \/>\t\t\t\t\t\t\t\t\t\t\t<figcaption class=\"widget-image-caption wp-caption-text\">Hannah: Sozialarbeiterin und Zust\u00e4ndige f\u00fcr den Jugendfonds<\/figcaption>\n\t\t\t\t\t\t\t\t\t\t<\/figure>\n\t\t\t\t\t\t\t\t\t<\/div>\n\t\t\t\t<\/div>\n\t\t\t\t\t<\/div>\n\t\t<\/div>\n\t\t\t\t\t<\/div>\n\t\t<\/section>\n\t\t\t\t<section class=\"elementor-section elementor-top-section elementor-element elementor-element-04cf59f elementor-section-boxed elementor-section-height-default elementor-section-height-default\" data-id=\"04cf59f\" data-element_type=\"section\" data-e-type=\"section\">\n\t\t\t\t\t\t<div class=\"elementor-container elementor-column-gap-default\">\n\t\t\t\t\t<div class=\"elementor-column elementor-col-50 elementor-top-column elementor-element elementor-element-1688027\" data-id=\"1688027\" data-element_type=\"column\" data-e-type=\"column\">\n\t\t\t<div class=\"elementor-widget-wrap elementor-element-populated\">\n\t\t\t\t\t\t<div class=\"elementor-element elementor-element-ca3fc24 elementor-widget elementor-widget-image\" data-id=\"ca3fc24\" data-element_type=\"widget\" data-e-type=\"widget\" data-widget_type=\"image.default\">\n\t\t\t\t<div class=\"elementor-widget-container\">\n\t\t\t\t\t\t\t\t\t\t\t\t<figure class=\"wp-caption\">\n\t\t\t\t\t\t\t\t\t\t<img loading=\"lazy\" decoding=\"async\" width=\"768\" height=\"1024\" src=\"https:\/\/kjbb-tk.de\/wp-content\/uploads\/2026\/03\/Lena_Profilbild-768x1024.jpeg\" class=\"attachment-large size-large wp-image-703 no-lazy\" alt=\"\" srcset=\"https:\/\/kjbb-tk.de\/wp-content\/uploads\/2026\/03\/Lena_Profilbild-768x1024.jpeg 768w, https:\/\/kjbb-tk.de\/wp-content\/uploads\/2026\/03\/Lena_Profilbild-225x300.jpeg 225w, https:\/\/kjbb-tk.de\/wp-content\/uploads\/2026\/03\/Lena_Profilbild-1152x1536.jpeg 1152w, https:\/\/kjbb-tk.de\/wp-content\/uploads\/2026\/03\/Lena_Profilbild.jpeg 1536w\" sizes=\"(max-width: 768px) 100vw, 768px\" \/>\t\t\t\t\t\t\t\t\t\t\t<figcaption class=\"widget-image-caption wp-caption-text\">Lena: Bundesfreiwilligendienstleistende<\/figcaption>\n\t\t\t\t\t\t\t\t\t\t<\/figure>\n\t\t\t\t\t\t\t\t\t<\/div>\n\t\t\t\t<\/div>\n\t\t\t\t\t<\/div>\n\t\t<\/div>\n\t\t\t\t<div class=\"elementor-column elementor-col-50 elementor-top-column elementor-element elementor-element-95a58ce\" data-id=\"95a58ce\" data-element_type=\"column\" data-e-type=\"column\">\n\t\t\t<div class=\"elementor-widget-wrap elementor-element-populated\">\n\t\t\t\t\t\t<div class=\"elementor-element elementor-element-e506f0b elementor-widget elementor-widget-image\" data-id=\"e506f0b\" data-element_type=\"widget\" data-e-type=\"widget\" data-widget_type=\"image.default\">\n\t\t\t\t<div class=\"elementor-widget-container\">\n\t\t\t\t\t\t\t\t\t\t\t\t<figure class=\"wp-caption\">\n\t\t\t\t\t\t\t\t\t\t<img loading=\"lazy\" decoding=\"async\" width=\"768\" height=\"1024\" src=\"https:\/\/kjbb-tk.de\/wp-content\/uploads\/2026\/03\/Lukas_Profilbild-768x1024.jpeg\" class=\"attachment-large size-large wp-image-699 no-lazy\" alt=\"\" srcset=\"https:\/\/kjbb-tk.de\/wp-content\/uploads\/2026\/03\/Lukas_Profilbild-768x1023.jpeg 768w, https:\/\/kjbb-tk.de\/wp-content\/uploads\/2026\/03\/Lukas_Profilbild-225x300.jpeg 225w, https:\/\/kjbb-tk.de\/wp-content\/uploads\/2026\/03\/Lukas_Profilbild-1153x1536.jpeg 1153w, https:\/\/kjbb-tk.de\/wp-content\/uploads\/2026\/03\/Lukas_Profilbild.jpeg 1200w\" sizes=\"(max-width: 768px) 100vw, 768px\" \/>\t\t\t\t\t\t\t\t\t\t\t<figcaption class=\"widget-image-caption wp-caption-text\">Lukas: Praktikant<\/figcaption>\n\t\t\t\t\t\t\t\t\t\t<\/figure>\n\t\t\t\t\t\t\t\t\t<\/div>\n\t\t\t\t<\/div>\n\t\t\t\t\t<\/div>\n\t\t<\/div>\n\t\t\t\t\t<\/div>\n\t\t<\/section>\n\t\t\t\t<section class=\"elementor-section elementor-top-section elementor-element elementor-element-26def18 elementor-section-boxed elementor-section-height-default elementor-section-height-default\" data-id=\"26def18\" data-element_type=\"section\" data-e-type=\"section\">\n\t\t\t\t\t\t<div class=\"elementor-container elementor-column-gap-default\">\n\t\t\t\t\t<div class=\"elementor-column elementor-col-100 elementor-top-column elementor-element elementor-element-dd44c2e\" data-id=\"dd44c2e\" data-element_type=\"column\" data-e-type=\"column\">\n\t\t\t<div class=\"elementor-widget-wrap elementor-element-populated\">\n\t\t\t\t\t\t<div class=\"elementor-element elementor-element-da11175 elementor-widget-divider--view-line elementor-widget elementor-widget-divider\" data-id=\"da11175\" data-element_type=\"widget\" data-e-type=\"widget\" data-widget_type=\"divider.default\">\n\t\t\t\t<div class=\"elementor-widget-container\">\n\t\t\t\t\t\t\t<div class=\"elementor-divider\">\n\t\t\t<span class=\"elementor-divider-separator\">\n\t\t\t\t\t\t<\/span>\n\t\t<\/div>\n\t\t\t\t\t\t<\/div>\n\t\t\t\t<\/div>\n\t\t\t\t<div class=\"elementor-element elementor-element-9e39cfd elementor-widget elementor-widget-text-editor\" data-id=\"9e39cfd\" data-element_type=\"widget\" data-e-type=\"widget\" data-widget_type=\"text-editor.default\">\n\t\t\t\t<div class=\"elementor-widget-container\">\n\t\t\t\t\t\t\t\t\t<p style=\"text-align: left;\">Kommt doch einfach mal bei uns vorbei!<\/p>\t\t\t\t\t\t\t\t<\/div>\n\t\t\t\t<\/div>\n\t\t\t\t\t<\/div>\n\t\t<\/div>\n\t\t\t\t\t<\/div>\n\t\t<\/section>\n\t\t\t\t<section class=\"elementor-section elementor-top-section elementor-element elementor-element-7e02e2c elementor-section-boxed elementor-section-height-default elementor-section-height-default\" data-id=\"7e02e2c\" data-element_type=\"section\" data-e-type=\"section\">\n\t\t\t\t\t\t<div class=\"elementor-container elementor-column-gap-default\">\n\t\t\t\t\t<div class=\"elementor-column elementor-col-100 elementor-top-column elementor-element elementor-element-9952bfe\" data-id=\"9952bfe\" data-element_type=\"column\" data-e-type=\"column\">\n\t\t\t<div class=\"elementor-widget-wrap\">\n\t\t\t\t\t\t\t<\/div>\n\t\t<\/div>\n\t\t\t\t\t<\/div>\n\t\t<\/section>\n\t\t\t\t<section class=\"elementor-section elementor-top-section elementor-element elementor-element-78a5344 elementor-section-boxed elementor-section-height-default elementor-section-height-default\" data-id=\"78a5344\" data-element_type=\"section\" data-e-type=\"section\">\n\t\t\t\t\t\t<div class=\"elementor-container elementor-column-gap-default\">\n\t\t\t\t\t<div class=\"elementor-column elementor-col-100 elementor-top-column elementor-element elementor-element-a310657\" data-id=\"a310657\" data-element_type=\"column\" data-e-type=\"column\">\n\t\t\t<div class=\"elementor-widget-wrap\">\n\t\t\t\t\t\t\t<\/div>\n\t\t<\/div>\n\t\t\t\t\t<\/div>\n\t\t<\/section>\n\t\t\t\t<\/div>\n\t\t","protected":false},"excerpt":{"rendered":"<p>Was ist das KJBB? Wir, das Kinder- und Jugendbeteiligungsb\u00fcro Treptow-K\u00f6penick, wurden im M\u00e4rz 2021 ins Leben gerufen.Wir wissen, ihr kennt euer Leben selbst am besten und habt ein Recht euch an Entscheidungen zu beteiligen! Aber was machen wir als Kinder- und Jugendbeteiligungsb\u00fcro Treptow-K\u00f6penick eigentlich?Wir setzen uns daf\u00fcr ein, dass ihr im Bezirk mitwirken k\u00f6nnt, bei [&hellip;]<\/p>\n","protected":false},"author":1,"featured_media":0,"parent":0,"menu_order":0,"comment_status":"closed","ping_status":"closed","template":"","meta":{"footnotes":""},"class_list":["post-44","page","type-page","status-publish","czr-hentry"],"yoast_head":"<!-- This site is optimized with the Yoast SEO plugin v27.6 - https:\/\/yoast.com\/product\/yoast-seo-wordpress\/ -->\n<title>Was ist das KJBB? -<\/title>\n<meta name=\"robots\" content=\"index, follow, max-snippet:-1, max-image-preview:large, max-video-preview:-1\" \/>\n<link rel=\"canonical\" href=\"https:\/\/kjbb-tk.de\/index.php\/das-sind-wir\/\" \/>\n<meta property=\"og:locale\" content=\"de_DE\" \/>\n<meta property=\"og:type\" content=\"article\" \/>\n<meta property=\"og:title\" content=\"Was ist das KJBB? -\" \/>\n<meta property=\"og:description\" content=\"Was ist das KJBB? Wir, das Kinder- und Jugendbeteiligungsb\u00fcro Treptow-K\u00f6penick, wurden im M\u00e4rz 2021 ins Leben gerufen.Wir wissen, ihr kennt euer Leben selbst am besten und habt ein Recht euch an Entscheidungen zu beteiligen! Aber was machen wir als Kinder- und Jugendbeteiligungsb\u00fcro Treptow-K\u00f6penick eigentlich?Wir setzen uns daf\u00fcr ein, dass ihr im Bezirk mitwirken k\u00f6nnt, bei [&hellip;]\" \/>\n<meta property=\"og:url\" content=\"https:\/\/kjbb-tk.de\/index.php\/das-sind-wir\/\" \/>\n<meta property=\"article:modified_time\" content=\"2026-03-24T09:57:50+00:00\" \/>\n<meta property=\"og:image\" content=\"https:\/\/kjbb-tk.de\/wp-content\/uploads\/2022\/05\/KJBB_Web_Banner-scaled.jpg\" \/>\n\t<meta property=\"og:image:width\" content=\"2560\" \/>\n\t<meta property=\"og:image:height\" content=\"861\" \/>\n\t<meta property=\"og:image:type\" content=\"image\/jpeg\" \/>\n<meta name=\"twitter:card\" content=\"summary_large_image\" \/>\n<meta name=\"twitter:label1\" content=\"Gesch\u00e4tzte Lesezeit\" \/>\n\t<meta name=\"twitter:data1\" content=\"3\u00a0Minuten\" \/>\n<script type=\"application\/ld+json\" class=\"yoast-schema-graph\">{\"@context\":\"https:\\\/\\\/schema.org\",\"@graph\":[{\"@type\":\"WebPage\",\"@id\":\"https:\\\/\\\/kjbb-tk.de\\\/index.php\\\/das-sind-wir\\\/\",\"url\":\"https:\\\/\\\/kjbb-tk.de\\\/index.php\\\/das-sind-wir\\\/\",\"name\":\"Was ist das KJBB? -\",\"isPartOf\":{\"@id\":\"https:\\\/\\\/kjbb-tk.de\\\/#website\"},\"primaryImageOfPage\":{\"@id\":\"https:\\\/\\\/kjbb-tk.de\\\/index.php\\\/das-sind-wir\\\/#primaryimage\"},\"image\":{\"@id\":\"https:\\\/\\\/kjbb-tk.de\\\/index.php\\\/das-sind-wir\\\/#primaryimage\"},\"thumbnailUrl\":\"https:\\\/\\\/kjbb-tk.de\\\/wp-content\\\/uploads\\\/2022\\\/05\\\/KJBB_Web_Banner-1024x344.jpg\",\"datePublished\":\"2022-01-20T13:26:33+00:00\",\"dateModified\":\"2026-03-24T09:57:50+00:00\",\"breadcrumb\":{\"@id\":\"https:\\\/\\\/kjbb-tk.de\\\/index.php\\\/das-sind-wir\\\/#breadcrumb\"},\"inLanguage\":\"de\",\"potentialAction\":[{\"@type\":\"ReadAction\",\"target\":[\"https:\\\/\\\/kjbb-tk.de\\\/index.php\\\/das-sind-wir\\\/\"]}]},{\"@type\":\"ImageObject\",\"inLanguage\":\"de\",\"@id\":\"https:\\\/\\\/kjbb-tk.de\\\/index.php\\\/das-sind-wir\\\/#primaryimage\",\"url\":\"https:\\\/\\\/kjbb-tk.de\\\/wp-content\\\/uploads\\\/2022\\\/05\\\/KJBB_Web_Banner-scaled.jpg\",\"contentUrl\":\"https:\\\/\\\/kjbb-tk.de\\\/wp-content\\\/uploads\\\/2022\\\/05\\\/KJBB_Web_Banner-scaled.jpg\",\"width\":2560,\"height\":861},{\"@type\":\"BreadcrumbList\",\"@id\":\"https:\\\/\\\/kjbb-tk.de\\\/index.php\\\/das-sind-wir\\\/#breadcrumb\",\"itemListElement\":[{\"@type\":\"ListItem\",\"position\":1,\"name\":\"Startseite\",\"item\":\"https:\\\/\\\/kjbb-tk.de\\\/\"},{\"@type\":\"ListItem\",\"position\":2,\"name\":\"Was ist das KJBB?\"}]},{\"@type\":\"WebSite\",\"@id\":\"https:\\\/\\\/kjbb-tk.de\\\/#website\",\"url\":\"https:\\\/\\\/kjbb-tk.de\\\/\",\"name\":\"\",\"description\":\"Das Kinder- und Jugendbeteiligungsb\u00fcro Treptow K\u00f6penick\",\"potentialAction\":[{\"@type\":\"SearchAction\",\"target\":{\"@type\":\"EntryPoint\",\"urlTemplate\":\"https:\\\/\\\/kjbb-tk.de\\\/?s={search_term_string}\"},\"query-input\":{\"@type\":\"PropertyValueSpecification\",\"valueRequired\":true,\"valueName\":\"search_term_string\"}}],\"inLanguage\":\"de\"}]}<\/script>\n<!-- \/ Yoast SEO plugin. -->","yoast_head_json":{"title":"Was ist das KJBB? -","robots":{"index":"index","follow":"follow","max-snippet":"max-snippet:-1","max-image-preview":"max-image-preview:large","max-video-preview":"max-video-preview:-1"},"canonical":"https:\/\/kjbb-tk.de\/index.php\/das-sind-wir\/","og_locale":"de_DE","og_type":"article","og_title":"Was ist das KJBB? -","og_description":"Was ist das KJBB? Wir, das Kinder- und Jugendbeteiligungsb\u00fcro Treptow-K\u00f6penick, wurden im M\u00e4rz 2021 ins Leben gerufen.Wir wissen, ihr kennt euer Leben selbst am besten und habt ein Recht euch an Entscheidungen zu beteiligen! Aber was machen wir als Kinder- und Jugendbeteiligungsb\u00fcro Treptow-K\u00f6penick eigentlich?Wir setzen uns daf\u00fcr ein, dass ihr im Bezirk mitwirken k\u00f6nnt, bei [&hellip;]","og_url":"https:\/\/kjbb-tk.de\/index.php\/das-sind-wir\/","article_modified_time":"2026-03-24T09:57:50+00:00","og_image":[{"width":2560,"height":861,"url":"https:\/\/kjbb-tk.de\/wp-content\/uploads\/2022\/05\/KJBB_Web_Banner-scaled.jpg","type":"image\/jpeg"}],"twitter_card":"summary_large_image","twitter_misc":{"Gesch\u00e4tzte Lesezeit":"3\u00a0Minuten"},"schema":{"@context":"https:\/\/schema.org","@graph":[{"@type":"WebPage","@id":"https:\/\/kjbb-tk.de\/index.php\/das-sind-wir\/","url":"https:\/\/kjbb-tk.de\/index.php\/das-sind-wir\/","name":"Was ist das KJBB? -","isPartOf":{"@id":"https:\/\/kjbb-tk.de\/#website"},"primaryImageOfPage":{"@id":"https:\/\/kjbb-tk.de\/index.php\/das-sind-wir\/#primaryimage"},"image":{"@id":"https:\/\/kjbb-tk.de\/index.php\/das-sind-wir\/#primaryimage"},"thumbnailUrl":"https:\/\/kjbb-tk.de\/wp-content\/uploads\/2022\/05\/KJBB_Web_Banner-1024x344.jpg","datePublished":"2022-01-20T13:26:33+00:00","dateModified":"2026-03-24T09:57:50+00:00","breadcrumb":{"@id":"https:\/\/kjbb-tk.de\/index.php\/das-sind-wir\/#breadcrumb"},"inLanguage":"de","potentialAction":[{"@type":"ReadAction","target":["https:\/\/kjbb-tk.de\/index.php\/das-sind-wir\/"]}]},{"@type":"ImageObject","inLanguage":"de","@id":"https:\/\/kjbb-tk.de\/index.php\/das-sind-wir\/#primaryimage","url":"https:\/\/kjbb-tk.de\/wp-content\/uploads\/2022\/05\/KJBB_Web_Banner-scaled.jpg","contentUrl":"https:\/\/kjbb-tk.de\/wp-content\/uploads\/2022\/05\/KJBB_Web_Banner-scaled.jpg","width":2560,"height":861},{"@type":"BreadcrumbList","@id":"https:\/\/kjbb-tk.de\/index.php\/das-sind-wir\/#breadcrumb","itemListElement":[{"@type":"ListItem","position":1,"name":"Startseite","item":"https:\/\/kjbb-tk.de\/"},{"@type":"ListItem","position":2,"name":"Was ist das KJBB?"}]},{"@type":"WebSite","@id":"https:\/\/kjbb-tk.de\/#website","url":"https:\/\/kjbb-tk.de\/","name":"","description":"Das Kinder- und Jugendbeteiligungsb\u00fcro Treptow K\u00f6penick","potentialAction":[{"@type":"SearchAction","target":{"@type":"EntryPoint","urlTemplate":"https:\/\/kjbb-tk.de\/?s={search_term_string}"},"query-input":{"@type":"PropertyValueSpecification","valueRequired":true,"valueName":"search_term_string"}}],"inLanguage":"de"}]}},"_links":{"self":[{"href":"https:\/\/kjbb-tk.de\/index.php\/wp-json\/wp\/v2\/pages\/44","targetHints":{"allow":["GET"]}}],"collection":[{"href":"https:\/\/kjbb-tk.de\/index.php\/wp-json\/wp\/v2\/pages"}],"about":[{"href":"https:\/\/kjbb-tk.de\/index.php\/wp-json\/wp\/v2\/types\/page"}],"author":[{"embeddable":true,"href":"https:\/\/kjbb-tk.de\/index.php\/wp-json\/wp\/v2\/users\/1"}],"replies":[{"embeddable":true,"href":"https:\/\/kjbb-tk.de\/index.php\/wp-json\/wp\/v2\/comments?post=44"}],"version-history":[{"count":111,"href":"https:\/\/kjbb-tk.de\/index.php\/wp-json\/wp\/v2\/pages\/44\/revisions"}],"predecessor-version":[{"id":760,"href":"https:\/\/kjbb-tk.de\/index.php\/wp-json\/wp\/v2\/pages\/44\/revisions\/760"}],"wp:attachment":[{"href":"https:\/\/kjbb-tk.de\/index.php\/wp-json\/wp\/v2\/media?parent=44"}],"curies":[{"name":"wp","href":"https:\/\/api.w.org\/{rel}","templated":true}]}}