{"id":502,"date":"2024-09-03T12:46:46","date_gmt":"2024-09-03T12:46:46","guid":{"rendered":"https:\/\/kjbb-tk.de\/?page_id=502"},"modified":"2026-03-13T15:45:22","modified_gmt":"2026-03-13T15:45:22","slug":"kinder-und-jugendparlament","status":"publish","type":"page","link":"https:\/\/kjbb-tk.de\/index.php\/kinder-und-jugendparlament\/","title":{"rendered":"Kinder- und Jugendparlament"},"content":{"rendered":"\t\t<div data-elementor-type=\"wp-page\" data-elementor-id=\"502\" class=\"elementor elementor-502\">\n\t\t\t\t\t\t<section class=\"elementor-section elementor-top-section elementor-element elementor-element-4ae2281 elementor-section-boxed elementor-section-height-default elementor-section-height-default\" data-id=\"4ae2281\" data-element_type=\"section\" data-e-type=\"section\">\n\t\t\t\t\t\t<div class=\"elementor-container elementor-column-gap-default\">\n\t\t\t\t\t<div class=\"elementor-column elementor-col-25 elementor-top-column elementor-element elementor-element-8a108c9\" data-id=\"8a108c9\" data-element_type=\"column\" data-e-type=\"column\">\n\t\t\t<div class=\"elementor-widget-wrap\">\n\t\t\t\t\t\t\t<\/div>\n\t\t<\/div>\n\t\t\t\t<div class=\"elementor-column elementor-col-50 elementor-top-column elementor-element elementor-element-f2cdd80\" data-id=\"f2cdd80\" data-element_type=\"column\" data-e-type=\"column\">\n\t\t\t<div class=\"elementor-widget-wrap elementor-element-populated\">\n\t\t\t\t\t\t<div class=\"elementor-element elementor-element-6327c72 elementor-widget elementor-widget-image\" data-id=\"6327c72\" data-element_type=\"widget\" data-e-type=\"widget\" data-widget_type=\"image.default\">\n\t\t\t\t<div class=\"elementor-widget-container\">\n\t\t\t\t\t\t\t\t\t\t\t\t\t\t\t<img fetchpriority=\"high\" decoding=\"async\" width=\"726\" height=\"1024\" src=\"https:\/\/kjbb-tk.de\/wp-content\/uploads\/2026\/03\/WahlplakateAufruf_KiJuPa-726x1024.jpg\" class=\"attachment-large size-large wp-image-715 no-lazy\" alt=\"\" srcset=\"https:\/\/kjbb-tk.de\/wp-content\/uploads\/2026\/03\/WahlplakateAufruf_KiJuPa-726x1024.jpg 726w, https:\/\/kjbb-tk.de\/wp-content\/uploads\/2026\/03\/WahlplakateAufruf_KiJuPa-213x300.jpg 213w, https:\/\/kjbb-tk.de\/wp-content\/uploads\/2026\/03\/WahlplakateAufruf_KiJuPa-768x1084.jpg 768w, https:\/\/kjbb-tk.de\/wp-content\/uploads\/2026\/03\/WahlplakateAufruf_KiJuPa-1088x1536.jpg 1088w, https:\/\/kjbb-tk.de\/wp-content\/uploads\/2026\/03\/WahlplakateAufruf_KiJuPa-1451x2048.jpg 1451w, https:\/\/kjbb-tk.de\/wp-content\/uploads\/2026\/03\/WahlplakateAufruf_KiJuPa-scaled.jpg 1814w\" sizes=\"(max-width: 726px) 100vw, 726px\" \/>\t\t\t\t\t\t\t\t\t\t\t\t\t\t\t<\/div>\n\t\t\t\t<\/div>\n\t\t\t\t\t<\/div>\n\t\t<\/div>\n\t\t\t\t<div class=\"elementor-column elementor-col-25 elementor-top-column elementor-element elementor-element-f1500c8\" data-id=\"f1500c8\" data-element_type=\"column\" data-e-type=\"column\">\n\t\t\t<div class=\"elementor-widget-wrap\">\n\t\t\t\t\t\t\t<\/div>\n\t\t<\/div>\n\t\t\t\t\t<\/div>\n\t\t<\/section>\n\t\t\t\t<section class=\"elementor-section elementor-top-section elementor-element elementor-element-854c161 elementor-section-boxed elementor-section-height-default elementor-section-height-default\" data-id=\"854c161\" data-element_type=\"section\" data-e-type=\"section\">\n\t\t\t\t\t\t<div class=\"elementor-container elementor-column-gap-default\">\n\t\t\t\t\t<div class=\"elementor-column elementor-col-50 elementor-top-column elementor-element elementor-element-ceb06cb\" data-id=\"ceb06cb\" data-element_type=\"column\" data-e-type=\"column\">\n\t\t\t<div class=\"elementor-widget-wrap elementor-element-populated\">\n\t\t\t\t\t\t<div class=\"elementor-element elementor-element-281b32b elementor-widget elementor-widget-text-editor\" data-id=\"281b32b\" data-element_type=\"widget\" data-e-type=\"widget\" data-widget_type=\"text-editor.default\">\n\t\t\t\t<div class=\"elementor-widget-container\">\n\t\t\t\t\t\t\t\t\t<p><strong><span data-olk-copy-source=\"MessageBody\">\u00a0Wir sind das Kinder- und Jugendparlament Treptow-K\u00f6penick.<br \/><\/span><\/strong>Seit Herbst 2026 setzen wir uns f\u00fcr die Interessen von Kindern und Jugendlichen im Bezirk ein. Entstanden sind wir aus einer Initiativgruppe, die zuvor \u00fcber ein Jahr lang Ideen gesammelt und sich f\u00fcr mehr Mitbestimmung junger Menschen eingesetzt hat.<\/p><p><strong>Unsere Gruppe<\/strong><br \/>Wir sind eine offene Gruppe von Jugendlichen zwischen 15 und 19 Jahren \u2013 und freuen uns \u00fcber alle, die mitmachen m\u00f6chten. Wenn du zwischen\u00a0<strong>10 und 20 Jahre alt<\/strong>\u00a0bist, kannst du jederzeit dazukommen.<\/p>\t\t\t\t\t\t\t\t<\/div>\n\t\t\t\t<\/div>\n\t\t\t\t\t<\/div>\n\t\t<\/div>\n\t\t\t\t<div class=\"elementor-column elementor-col-50 elementor-top-column elementor-element elementor-element-e8f111a\" data-id=\"e8f111a\" data-element_type=\"column\" data-e-type=\"column\">\n\t\t\t<div class=\"elementor-widget-wrap elementor-element-populated\">\n\t\t\t\t\t\t<div class=\"elementor-element elementor-element-88a4529 elementor-widget elementor-widget-image\" data-id=\"88a4529\" data-element_type=\"widget\" data-e-type=\"widget\" data-widget_type=\"image.default\">\n\t\t\t\t<div class=\"elementor-widget-container\">\n\t\t\t\t\t\t\t\t\t\t\t\t\t\t\t<img decoding=\"async\" width=\"1024\" height=\"768\" src=\"https:\/\/kjbb-tk.de\/wp-content\/uploads\/2026\/03\/WhatsApp-Image-2025-12-15-at-17.18.00-1024x768.jpeg\" class=\"attachment-large size-large wp-image-720 no-lazy\" alt=\"\" srcset=\"https:\/\/kjbb-tk.de\/wp-content\/uploads\/2026\/03\/WhatsApp-Image-2025-12-15-at-17.18.00-1024x768.jpeg 1024w, https:\/\/kjbb-tk.de\/wp-content\/uploads\/2026\/03\/WhatsApp-Image-2025-12-15-at-17.18.00-300x225.jpeg 300w, https:\/\/kjbb-tk.de\/wp-content\/uploads\/2026\/03\/WhatsApp-Image-2025-12-15-at-17.18.00-768x576.jpeg 768w, https:\/\/kjbb-tk.de\/wp-content\/uploads\/2026\/03\/WhatsApp-Image-2025-12-15-at-17.18.00-1536x1152.jpeg 1536w, https:\/\/kjbb-tk.de\/wp-content\/uploads\/2026\/03\/WhatsApp-Image-2025-12-15-at-17.18.00.jpeg 1600w\" sizes=\"(max-width: 1024px) 100vw, 1024px\" \/>\t\t\t\t\t\t\t\t\t\t\t\t\t\t\t<\/div>\n\t\t\t\t<\/div>\n\t\t\t\t\t<\/div>\n\t\t<\/div>\n\t\t\t\t\t<\/div>\n\t\t<\/section>\n\t\t\t\t<section class=\"elementor-section elementor-top-section elementor-element elementor-element-e5b858b elementor-section-boxed elementor-section-height-default elementor-section-height-default\" data-id=\"e5b858b\" data-element_type=\"section\" data-e-type=\"section\">\n\t\t\t\t\t\t<div class=\"elementor-container elementor-column-gap-default\">\n\t\t\t\t\t<div class=\"elementor-column elementor-col-33 elementor-top-column elementor-element elementor-element-5fe1908\" data-id=\"5fe1908\" data-element_type=\"column\" data-e-type=\"column\">\n\t\t\t<div class=\"elementor-widget-wrap elementor-element-populated\">\n\t\t\t\t\t\t<div class=\"elementor-element elementor-element-d8dfcd2 elementor-widget elementor-widget-image\" data-id=\"d8dfcd2\" data-element_type=\"widget\" data-e-type=\"widget\" data-widget_type=\"image.default\">\n\t\t\t\t<div class=\"elementor-widget-container\">\n\t\t\t\t\t\t\t\t\t\t\t\t\t\t\t<img decoding=\"async\" width=\"1024\" height=\"768\" src=\"https:\/\/kjbb-tk.de\/wp-content\/uploads\/2026\/03\/3-1024x768.jpeg\" class=\"attachment-large size-large wp-image-716 no-lazy\" alt=\"\" srcset=\"https:\/\/kjbb-tk.de\/wp-content\/uploads\/2026\/03\/3-1024x768.jpeg 1024w, https:\/\/kjbb-tk.de\/wp-content\/uploads\/2026\/03\/3-300x225.jpeg 300w, https:\/\/kjbb-tk.de\/wp-content\/uploads\/2026\/03\/3-768x576.jpeg 768w, https:\/\/kjbb-tk.de\/wp-content\/uploads\/2026\/03\/3-1536x1152.jpeg 1536w, https:\/\/kjbb-tk.de\/wp-content\/uploads\/2026\/03\/3.jpeg 2048w\" sizes=\"(max-width: 1024px) 100vw, 1024px\" \/>\t\t\t\t\t\t\t\t\t\t\t\t\t\t\t<\/div>\n\t\t\t\t<\/div>\n\t\t\t\t\t<\/div>\n\t\t<\/div>\n\t\t\t\t<div class=\"elementor-column elementor-col-33 elementor-top-column elementor-element elementor-element-3d33181\" data-id=\"3d33181\" data-element_type=\"column\" data-e-type=\"column\">\n\t\t\t<div class=\"elementor-widget-wrap elementor-element-populated\">\n\t\t\t\t\t\t<div class=\"elementor-element elementor-element-5e32560 elementor-widget elementor-widget-text-editor\" data-id=\"5e32560\" data-element_type=\"widget\" data-e-type=\"widget\" data-widget_type=\"text-editor.default\">\n\t\t\t\t<div class=\"elementor-widget-container\">\n\t\t\t\t\t\t\t\t\t<p style=\"text-align: center;\" data-olk-copy-source=\"MessageBody\">Unsere Treffen finden etwa\u00a0<strong>alle zwei Monate<\/strong>\u00a0statt. Zus\u00e4tzlich arbeiten wir in\u00a0<strong>kleineren Arbeitsgruppen<\/strong>, die sich zwischen den gro\u00dfen Treffen austauschen.<br \/>\u2013<br \/>An verschiedenen Orten im Bezirk<br \/>oder digital.<\/p>\t\t\t\t\t\t\t\t<\/div>\n\t\t\t\t<\/div>\n\t\t\t\t\t<\/div>\n\t\t<\/div>\n\t\t\t\t<div class=\"elementor-column elementor-col-33 elementor-top-column elementor-element elementor-element-4f71949\" data-id=\"4f71949\" data-element_type=\"column\" data-e-type=\"column\">\n\t\t\t<div class=\"elementor-widget-wrap elementor-element-populated\">\n\t\t\t\t\t\t<div class=\"elementor-element elementor-element-642869f elementor-widget elementor-widget-image\" data-id=\"642869f\" data-element_type=\"widget\" data-e-type=\"widget\" data-widget_type=\"image.default\">\n\t\t\t\t<div class=\"elementor-widget-container\">\n\t\t\t\t\t\t\t\t\t\t\t\t\t\t\t<img loading=\"lazy\" decoding=\"async\" width=\"1024\" height=\"768\" src=\"https:\/\/kjbb-tk.de\/wp-content\/uploads\/2026\/03\/Auftakttreffen-1024x768.jpg\" class=\"attachment-large size-large wp-image-717 no-lazy\" alt=\"\" srcset=\"https:\/\/kjbb-tk.de\/wp-content\/uploads\/2026\/03\/Auftakttreffen-1024x768.jpg 1024w, https:\/\/kjbb-tk.de\/wp-content\/uploads\/2026\/03\/Auftakttreffen-300x225.jpg 300w, https:\/\/kjbb-tk.de\/wp-content\/uploads\/2026\/03\/Auftakttreffen-768x576.jpg 768w, https:\/\/kjbb-tk.de\/wp-content\/uploads\/2026\/03\/Auftakttreffen-1536x1152.jpg 1536w, https:\/\/kjbb-tk.de\/wp-content\/uploads\/2026\/03\/Auftakttreffen-2048x1536.jpg 2048w\" sizes=\"(max-width: 1024px) 100vw, 1024px\" \/>\t\t\t\t\t\t\t\t\t\t\t\t\t\t\t<\/div>\n\t\t\t\t<\/div>\n\t\t\t\t\t<\/div>\n\t\t<\/div>\n\t\t\t\t\t<\/div>\n\t\t<\/section>\n\t\t\t\t<section class=\"elementor-section elementor-top-section elementor-element elementor-element-072b758 elementor-section-boxed elementor-section-height-default elementor-section-height-default\" data-id=\"072b758\" data-element_type=\"section\" data-e-type=\"section\">\n\t\t\t\t\t\t<div class=\"elementor-container elementor-column-gap-default\">\n\t\t\t\t\t<div class=\"elementor-column elementor-col-66 elementor-top-column elementor-element elementor-element-07f877d\" data-id=\"07f877d\" data-element_type=\"column\" data-e-type=\"column\">\n\t\t\t<div class=\"elementor-widget-wrap elementor-element-populated\">\n\t\t\t\t\t\t<div class=\"elementor-element elementor-element-cf564cc elementor-widget elementor-widget-text-editor\" data-id=\"cf564cc\" data-element_type=\"widget\" data-e-type=\"widget\" data-widget_type=\"text-editor.default\">\n\t\t\t\t<div class=\"elementor-widget-container\">\n\t\t\t\t\t\t\t\t\t<p><strong>Was wir machen<\/strong><br \/>Wir f\u00fchren <strong>Umfragen unter Kindern und Jugendlichen im Bezirk<\/strong>\u00a0durch und bringen ihre Themen und W\u00fcnsche in\u00a0<strong>Politik und Verwaltung<\/strong>\u00a0ein. Au\u00dferdem planen und organisieren wir\u00a0<strong>eigene Projekte<\/strong>, um den Bezirk kinder- und jugendfreundlicher zu gestalten.<\/p><p><strong>Warum es uns gibt<\/strong><br \/>Der Bedarf f\u00fcr ein Kinder- und Jugendparlament besteht schon l\u00e4nger:<br \/>Die Gr\u00fcndung wurde sowohl auf den <strong>Jugenddemokratiekonferenzen 2022 &amp; 2023<\/strong>\u00a0als auch vom\u00a0<strong>Bezirkssch\u00fcler:innenausschuss<\/strong>\u00a0gefordert. Auf Grundlage eines Antrags aus dem\u00a0<strong>Jugendhilfeausschuss<\/strong>\u00a0hat schlie\u00dflich auch die\u00a0<strong>Bezirksverordnetenversammlung (BVV)<\/strong>\u00a0die Gr\u00fcndung des Kinder- und Jugendparlaments Treptow-K\u00f6penick beschlossen.<\/p><p><strong>Mitmachen<\/strong><br \/>Bei Lust auf mehr Infos, Fragen oder wenn ihr einfach mitmachen wollt, erreicht ihr uns \u00fcber unsere Website, Insta oder per Mail: info@kijipa-tk.de<\/p>\t\t\t\t\t\t\t\t<\/div>\n\t\t\t\t<\/div>\n\t\t\t\t<section class=\"elementor-section elementor-inner-section elementor-element elementor-element-873a4d8 elementor-section-boxed elementor-section-height-default elementor-section-height-default\" data-id=\"873a4d8\" data-element_type=\"section\" data-e-type=\"section\">\n\t\t\t\t\t\t<div class=\"elementor-container elementor-column-gap-default\">\n\t\t\t\t\t<div class=\"elementor-column elementor-col-50 elementor-inner-column elementor-element elementor-element-b6f92e4\" data-id=\"b6f92e4\" data-element_type=\"column\" data-e-type=\"column\">\n\t\t\t<div class=\"elementor-widget-wrap elementor-element-populated\">\n\t\t\t\t\t\t<div class=\"elementor-element elementor-element-f1bd3de elementor-align-center elementor-widget elementor-widget-button\" data-id=\"f1bd3de\" data-element_type=\"widget\" data-e-type=\"widget\" data-widget_type=\"button.default\">\n\t\t\t\t<div class=\"elementor-widget-container\">\n\t\t\t\t\t\t\t\t\t<div class=\"elementor-button-wrapper\">\n\t\t\t\t\t<a class=\"elementor-button elementor-button-link elementor-size-sm\" href=\"https:\/\/kijupa-tk.de\/\" target=\"_blank\">\n\t\t\t\t\t\t<span class=\"elementor-button-content-wrapper\">\n\t\t\t\t\t\t<span class=\"elementor-button-icon\">\n\t\t\t\t<i aria-hidden=\"true\" class=\"fas fa-arrow-right\"><\/i>\t\t\t<\/span>\n\t\t\t\t\t\t\t\t\t<span class=\"elementor-button-text\">Website<\/span>\n\t\t\t\t\t<\/span>\n\t\t\t\t\t<\/a>\n\t\t\t\t<\/div>\n\t\t\t\t\t\t\t\t<\/div>\n\t\t\t\t<\/div>\n\t\t\t\t\t<\/div>\n\t\t<\/div>\n\t\t\t\t<div class=\"elementor-column elementor-col-50 elementor-inner-column elementor-element elementor-element-24823bd\" data-id=\"24823bd\" data-element_type=\"column\" data-e-type=\"column\">\n\t\t\t<div class=\"elementor-widget-wrap elementor-element-populated\">\n\t\t\t\t\t\t<div class=\"elementor-element elementor-element-a35fe35 elementor-align-center elementor-widget elementor-widget-button\" data-id=\"a35fe35\" data-element_type=\"widget\" data-e-type=\"widget\" data-widget_type=\"button.default\">\n\t\t\t\t<div class=\"elementor-widget-container\">\n\t\t\t\t\t\t\t\t\t<div class=\"elementor-button-wrapper\">\n\t\t\t\t\t<a class=\"elementor-button elementor-button-link elementor-size-sm\" href=\"https:\/\/www.instagram.com\/kijupa.tk?igsh=MXIyeG9yNWJneWZ2cg==\" target=\"_blank\">\n\t\t\t\t\t\t<span class=\"elementor-button-content-wrapper\">\n\t\t\t\t\t\t<span class=\"elementor-button-icon\">\n\t\t\t\t<i aria-hidden=\"true\" class=\"fab fa-instagram\"><\/i>\t\t\t<\/span>\n\t\t\t\t\t\t\t\t\t<span class=\"elementor-button-text\">Insta<\/span>\n\t\t\t\t\t<\/span>\n\t\t\t\t\t<\/a>\n\t\t\t\t<\/div>\n\t\t\t\t\t\t\t\t<\/div>\n\t\t\t\t<\/div>\n\t\t\t\t\t<\/div>\n\t\t<\/div>\n\t\t\t\t\t<\/div>\n\t\t<\/section>\n\t\t\t\t\t<\/div>\n\t\t<\/div>\n\t\t\t\t<div class=\"elementor-column elementor-col-33 elementor-top-column elementor-element elementor-element-2ff5b62\" data-id=\"2ff5b62\" data-element_type=\"column\" data-e-type=\"column\">\n\t\t\t<div class=\"elementor-widget-wrap elementor-element-populated\">\n\t\t\t\t\t\t<div class=\"elementor-element elementor-element-d3f0784 elementor-widget elementor-widget-image\" data-id=\"d3f0784\" data-element_type=\"widget\" data-e-type=\"widget\" data-widget_type=\"image.default\">\n\t\t\t\t<div class=\"elementor-widget-container\">\n\t\t\t\t\t\t\t\t\t\t\t\t\t\t\t<img loading=\"lazy\" decoding=\"async\" width=\"768\" height=\"1024\" src=\"https:\/\/kjbb-tk.de\/wp-content\/uploads\/2026\/03\/IMG-20250514-WA0049-768x1024.jpg\" class=\"attachment-large size-large wp-image-719 no-lazy\" alt=\"\" srcset=\"https:\/\/kjbb-tk.de\/wp-content\/uploads\/2026\/03\/IMG-20250514-WA0049-768x1024.jpg 768w, https:\/\/kjbb-tk.de\/wp-content\/uploads\/2026\/03\/IMG-20250514-WA0049-225x300.jpg 225w, https:\/\/kjbb-tk.de\/wp-content\/uploads\/2026\/03\/IMG-20250514-WA0049-1152x1536.jpg 1152w, https:\/\/kjbb-tk.de\/wp-content\/uploads\/2026\/03\/IMG-20250514-WA0049.jpg 1500w\" sizes=\"(max-width: 768px) 100vw, 768px\" \/>\t\t\t\t\t\t\t\t\t\t\t\t\t\t\t<\/div>\n\t\t\t\t<\/div>\n\t\t\t\t\t<\/div>\n\t\t<\/div>\n\t\t\t\t\t<\/div>\n\t\t<\/section>\n\t\t\t\t<\/div>\n\t\t","protected":false},"excerpt":{"rendered":"<p>\u00a0Wir sind das Kinder- und Jugendparlament Treptow-K\u00f6penick.Seit Herbst 2026 setzen wir uns f\u00fcr die Interessen von Kindern und Jugendlichen im Bezirk ein. Entstanden sind wir aus einer Initiativgruppe, die zuvor \u00fcber ein Jahr lang Ideen gesammelt und sich f\u00fcr mehr Mitbestimmung junger Menschen eingesetzt hat. Unsere GruppeWir sind eine offene Gruppe von Jugendlichen zwischen 15 [&hellip;]<\/p>\n","protected":false},"author":1,"featured_media":0,"parent":0,"menu_order":0,"comment_status":"closed","ping_status":"closed","template":"","meta":{"footnotes":""},"class_list":["post-502","page","type-page","status-publish","czr-hentry"],"yoast_head":"<!-- This site is optimized with the Yoast SEO plugin v27.4 - https:\/\/yoast.com\/product\/yoast-seo-wordpress\/ -->\n<title>Kinder- und Jugendparlament -<\/title>\n<meta name=\"robots\" content=\"index, follow, max-snippet:-1, max-image-preview:large, max-video-preview:-1\" \/>\n<link rel=\"canonical\" href=\"https:\/\/kjbb-tk.de\/index.php\/kinder-und-jugendparlament\/\" \/>\n<meta property=\"og:locale\" content=\"de_DE\" \/>\n<meta property=\"og:type\" content=\"article\" \/>\n<meta property=\"og:title\" content=\"Kinder- und Jugendparlament -\" \/>\n<meta property=\"og:description\" content=\"\u00a0Wir sind das Kinder- und Jugendparlament Treptow-K\u00f6penick.Seit Herbst 2026 setzen wir uns f\u00fcr die Interessen von Kindern und Jugendlichen im Bezirk ein. Entstanden sind wir aus einer Initiativgruppe, die zuvor \u00fcber ein Jahr lang Ideen gesammelt und sich f\u00fcr mehr Mitbestimmung junger Menschen eingesetzt hat. Unsere GruppeWir sind eine offene Gruppe von Jugendlichen zwischen 15 [&hellip;]\" \/>\n<meta property=\"og:url\" content=\"https:\/\/kjbb-tk.de\/index.php\/kinder-und-jugendparlament\/\" \/>\n<meta property=\"article:modified_time\" content=\"2026-03-13T15:45:22+00:00\" \/>\n<meta property=\"og:image\" content=\"https:\/\/kjbb-tk.de\/wp-content\/uploads\/2026\/03\/WahlplakateAufruf_KiJuPa-scaled.jpg\" \/>\n\t<meta property=\"og:image:width\" content=\"1814\" \/>\n\t<meta property=\"og:image:height\" content=\"2560\" \/>\n\t<meta property=\"og:image:type\" content=\"image\/jpeg\" \/>\n<meta name=\"twitter:card\" content=\"summary_large_image\" \/>\n<meta name=\"twitter:label1\" content=\"Gesch\u00e4tzte Lesezeit\" \/>\n\t<meta name=\"twitter:data1\" content=\"3\u00a0Minuten\" \/>\n<script type=\"application\/ld+json\" class=\"yoast-schema-graph\">{\"@context\":\"https:\\\/\\\/schema.org\",\"@graph\":[{\"@type\":\"WebPage\",\"@id\":\"https:\\\/\\\/kjbb-tk.de\\\/index.php\\\/kinder-und-jugendparlament\\\/\",\"url\":\"https:\\\/\\\/kjbb-tk.de\\\/index.php\\\/kinder-und-jugendparlament\\\/\",\"name\":\"Kinder- und Jugendparlament -\",\"isPartOf\":{\"@id\":\"https:\\\/\\\/kjbb-tk.de\\\/#website\"},\"primaryImageOfPage\":{\"@id\":\"https:\\\/\\\/kjbb-tk.de\\\/index.php\\\/kinder-und-jugendparlament\\\/#primaryimage\"},\"image\":{\"@id\":\"https:\\\/\\\/kjbb-tk.de\\\/index.php\\\/kinder-und-jugendparlament\\\/#primaryimage\"},\"thumbnailUrl\":\"https:\\\/\\\/kjbb-tk.de\\\/wp-content\\\/uploads\\\/2026\\\/03\\\/WahlplakateAufruf_KiJuPa-726x1024.jpg\",\"datePublished\":\"2024-09-03T12:46:46+00:00\",\"dateModified\":\"2026-03-13T15:45:22+00:00\",\"breadcrumb\":{\"@id\":\"https:\\\/\\\/kjbb-tk.de\\\/index.php\\\/kinder-und-jugendparlament\\\/#breadcrumb\"},\"inLanguage\":\"de\",\"potentialAction\":[{\"@type\":\"ReadAction\",\"target\":[\"https:\\\/\\\/kjbb-tk.de\\\/index.php\\\/kinder-und-jugendparlament\\\/\"]}]},{\"@type\":\"ImageObject\",\"inLanguage\":\"de\",\"@id\":\"https:\\\/\\\/kjbb-tk.de\\\/index.php\\\/kinder-und-jugendparlament\\\/#primaryimage\",\"url\":\"https:\\\/\\\/kjbb-tk.de\\\/wp-content\\\/uploads\\\/2026\\\/03\\\/WahlplakateAufruf_KiJuPa-scaled.jpg\",\"contentUrl\":\"https:\\\/\\\/kjbb-tk.de\\\/wp-content\\\/uploads\\\/2026\\\/03\\\/WahlplakateAufruf_KiJuPa-scaled.jpg\",\"width\":1814,\"height\":2560},{\"@type\":\"BreadcrumbList\",\"@id\":\"https:\\\/\\\/kjbb-tk.de\\\/index.php\\\/kinder-und-jugendparlament\\\/#breadcrumb\",\"itemListElement\":[{\"@type\":\"ListItem\",\"position\":1,\"name\":\"Startseite\",\"item\":\"https:\\\/\\\/kjbb-tk.de\\\/\"},{\"@type\":\"ListItem\",\"position\":2,\"name\":\"Kinder- und Jugendparlament\"}]},{\"@type\":\"WebSite\",\"@id\":\"https:\\\/\\\/kjbb-tk.de\\\/#website\",\"url\":\"https:\\\/\\\/kjbb-tk.de\\\/\",\"name\":\"\",\"description\":\"Das Kinder- und Jugendbeteiligungsb\u00fcro Treptow K\u00f6penick\",\"potentialAction\":[{\"@type\":\"SearchAction\",\"target\":{\"@type\":\"EntryPoint\",\"urlTemplate\":\"https:\\\/\\\/kjbb-tk.de\\\/?s={search_term_string}\"},\"query-input\":{\"@type\":\"PropertyValueSpecification\",\"valueRequired\":true,\"valueName\":\"search_term_string\"}}],\"inLanguage\":\"de\"}]}<\/script>\n<!-- \/ Yoast SEO plugin. -->","yoast_head_json":{"title":"Kinder- und Jugendparlament -","robots":{"index":"index","follow":"follow","max-snippet":"max-snippet:-1","max-image-preview":"max-image-preview:large","max-video-preview":"max-video-preview:-1"},"canonical":"https:\/\/kjbb-tk.de\/index.php\/kinder-und-jugendparlament\/","og_locale":"de_DE","og_type":"article","og_title":"Kinder- und Jugendparlament -","og_description":"\u00a0Wir sind das Kinder- und Jugendparlament Treptow-K\u00f6penick.Seit Herbst 2026 setzen wir uns f\u00fcr die Interessen von Kindern und Jugendlichen im Bezirk ein. Entstanden sind wir aus einer Initiativgruppe, die zuvor \u00fcber ein Jahr lang Ideen gesammelt und sich f\u00fcr mehr Mitbestimmung junger Menschen eingesetzt hat. Unsere GruppeWir sind eine offene Gruppe von Jugendlichen zwischen 15 [&hellip;]","og_url":"https:\/\/kjbb-tk.de\/index.php\/kinder-und-jugendparlament\/","article_modified_time":"2026-03-13T15:45:22+00:00","og_image":[{"width":1814,"height":2560,"url":"https:\/\/kjbb-tk.de\/wp-content\/uploads\/2026\/03\/WahlplakateAufruf_KiJuPa-scaled.jpg","type":"image\/jpeg"}],"twitter_card":"summary_large_image","twitter_misc":{"Gesch\u00e4tzte Lesezeit":"3\u00a0Minuten"},"schema":{"@context":"https:\/\/schema.org","@graph":[{"@type":"WebPage","@id":"https:\/\/kjbb-tk.de\/index.php\/kinder-und-jugendparlament\/","url":"https:\/\/kjbb-tk.de\/index.php\/kinder-und-jugendparlament\/","name":"Kinder- und Jugendparlament -","isPartOf":{"@id":"https:\/\/kjbb-tk.de\/#website"},"primaryImageOfPage":{"@id":"https:\/\/kjbb-tk.de\/index.php\/kinder-und-jugendparlament\/#primaryimage"},"image":{"@id":"https:\/\/kjbb-tk.de\/index.php\/kinder-und-jugendparlament\/#primaryimage"},"thumbnailUrl":"https:\/\/kjbb-tk.de\/wp-content\/uploads\/2026\/03\/WahlplakateAufruf_KiJuPa-726x1024.jpg","datePublished":"2024-09-03T12:46:46+00:00","dateModified":"2026-03-13T15:45:22+00:00","breadcrumb":{"@id":"https:\/\/kjbb-tk.de\/index.php\/kinder-und-jugendparlament\/#breadcrumb"},"inLanguage":"de","potentialAction":[{"@type":"ReadAction","target":["https:\/\/kjbb-tk.de\/index.php\/kinder-und-jugendparlament\/"]}]},{"@type":"ImageObject","inLanguage":"de","@id":"https:\/\/kjbb-tk.de\/index.php\/kinder-und-jugendparlament\/#primaryimage","url":"https:\/\/kjbb-tk.de\/wp-content\/uploads\/2026\/03\/WahlplakateAufruf_KiJuPa-scaled.jpg","contentUrl":"https:\/\/kjbb-tk.de\/wp-content\/uploads\/2026\/03\/WahlplakateAufruf_KiJuPa-scaled.jpg","width":1814,"height":2560},{"@type":"BreadcrumbList","@id":"https:\/\/kjbb-tk.de\/index.php\/kinder-und-jugendparlament\/#breadcrumb","itemListElement":[{"@type":"ListItem","position":1,"name":"Startseite","item":"https:\/\/kjbb-tk.de\/"},{"@type":"ListItem","position":2,"name":"Kinder- und Jugendparlament"}]},{"@type":"WebSite","@id":"https:\/\/kjbb-tk.de\/#website","url":"https:\/\/kjbb-tk.de\/","name":"","description":"Das Kinder- und Jugendbeteiligungsb\u00fcro Treptow K\u00f6penick","potentialAction":[{"@type":"SearchAction","target":{"@type":"EntryPoint","urlTemplate":"https:\/\/kjbb-tk.de\/?s={search_term_string}"},"query-input":{"@type":"PropertyValueSpecification","valueRequired":true,"valueName":"search_term_string"}}],"inLanguage":"de"}]}},"_links":{"self":[{"href":"https:\/\/kjbb-tk.de\/index.php\/wp-json\/wp\/v2\/pages\/502","targetHints":{"allow":["GET"]}}],"collection":[{"href":"https:\/\/kjbb-tk.de\/index.php\/wp-json\/wp\/v2\/pages"}],"about":[{"href":"https:\/\/kjbb-tk.de\/index.php\/wp-json\/wp\/v2\/types\/page"}],"author":[{"embeddable":true,"href":"https:\/\/kjbb-tk.de\/index.php\/wp-json\/wp\/v2\/users\/1"}],"replies":[{"embeddable":true,"href":"https:\/\/kjbb-tk.de\/index.php\/wp-json\/wp\/v2\/comments?post=502"}],"version-history":[{"count":40,"href":"https:\/\/kjbb-tk.de\/index.php\/wp-json\/wp\/v2\/pages\/502\/revisions"}],"predecessor-version":[{"id":741,"href":"https:\/\/kjbb-tk.de\/index.php\/wp-json\/wp\/v2\/pages\/502\/revisions\/741"}],"wp:attachment":[{"href":"https:\/\/kjbb-tk.de\/index.php\/wp-json\/wp\/v2\/media?parent=502"}],"curies":[{"name":"wp","href":"https:\/\/api.w.org\/{rel}","templated":true}]}}