{"id":86,"date":"2022-01-21T10:25:07","date_gmt":"2022-01-21T10:25:07","guid":{"rendered":"https:\/\/kjbb-tk.de\/?page_id=86"},"modified":"2026-03-17T09:48:20","modified_gmt":"2026-03-17T09:48:20","slug":"das-kinder-und-jugendbeteiligungsbuero-treptow-koepenick","status":"publish","type":"page","link":"https:\/\/kjbb-tk.de\/","title":{"rendered":"Das Kinder- und Jugendbeteiligungsb\u00fcro Treptow K\u00f6penick"},"content":{"rendered":"\t\t<div data-elementor-type=\"wp-page\" data-elementor-id=\"86\" class=\"elementor elementor-86\">\n\t\t\t\t\t\t<section class=\"elementor-section elementor-top-section elementor-element elementor-element-a157f76 elementor-section-boxed elementor-section-height-default elementor-section-height-default\" data-id=\"a157f76\" data-element_type=\"section\" data-e-type=\"section\">\n\t\t\t\t\t\t<div class=\"elementor-container elementor-column-gap-default\">\n\t\t\t\t\t<div class=\"elementor-column elementor-col-100 elementor-top-column elementor-element elementor-element-35b1023\" data-id=\"35b1023\" data-element_type=\"column\" data-e-type=\"column\">\n\t\t\t<div class=\"elementor-widget-wrap elementor-element-populated\">\n\t\t\t\t\t\t<div class=\"elementor-element elementor-element-7af1e45 elementor-widget elementor-widget-image\" data-id=\"7af1e45\" data-element_type=\"widget\" data-e-type=\"widget\" data-widget_type=\"image.default\">\n\t\t\t\t<div class=\"elementor-widget-container\">\n\t\t\t\t\t\t\t\t\t\t\t\t\t\t\t<img fetchpriority=\"high\" decoding=\"async\" width=\"1024\" height=\"344\" src=\"https:\/\/kjbb-tk.de\/wp-content\/uploads\/2022\/07\/KJBB_Web_Banner-1024x344.jpg\" class=\"attachment-large size-large wp-image-226 no-lazy\" alt=\"\" srcset=\"https:\/\/kjbb-tk.de\/wp-content\/uploads\/2022\/07\/KJBB_Web_Banner-1024x344.jpg 1024w, https:\/\/kjbb-tk.de\/wp-content\/uploads\/2022\/07\/KJBB_Web_Banner-300x101.jpg 300w, https:\/\/kjbb-tk.de\/wp-content\/uploads\/2022\/07\/KJBB_Web_Banner-768x258.jpg 768w, https:\/\/kjbb-tk.de\/wp-content\/uploads\/2022\/07\/KJBB_Web_Banner-1536x516.jpg 1536w, https:\/\/kjbb-tk.de\/wp-content\/uploads\/2022\/07\/KJBB_Web_Banner-2048x688.jpg 2048w\" sizes=\"(max-width: 1024px) 100vw, 1024px\" \/>\t\t\t\t\t\t\t\t\t\t\t\t\t\t\t<\/div>\n\t\t\t\t<\/div>\n\t\t\t\t\t<\/div>\n\t\t<\/div>\n\t\t\t\t\t<\/div>\n\t\t<\/section>\n\t\t\t\t<section class=\"elementor-section elementor-top-section elementor-element elementor-element-526ac6e elementor-section-boxed elementor-section-height-default elementor-section-height-default\" data-id=\"526ac6e\" data-element_type=\"section\" data-e-type=\"section\">\n\t\t\t\t\t\t<div class=\"elementor-container elementor-column-gap-default\">\n\t\t\t\t\t<div class=\"elementor-column elementor-col-100 elementor-top-column elementor-element elementor-element-647325e\" data-id=\"647325e\" data-element_type=\"column\" data-e-type=\"column\">\n\t\t\t<div class=\"elementor-widget-wrap elementor-element-populated\">\n\t\t\t\t\t\t<div class=\"elementor-element elementor-element-e3d0155 elementor-widget-divider--view-line elementor-widget elementor-widget-divider\" data-id=\"e3d0155\" data-element_type=\"widget\" data-e-type=\"widget\" data-widget_type=\"divider.default\">\n\t\t\t\t<div class=\"elementor-widget-container\">\n\t\t\t\t\t\t\t<div class=\"elementor-divider\">\n\t\t\t<span class=\"elementor-divider-separator\">\n\t\t\t\t\t\t<\/span>\n\t\t<\/div>\n\t\t\t\t\t\t<\/div>\n\t\t\t\t<\/div>\n\t\t\t\t<div class=\"elementor-element elementor-element-64be7b0 elementor-widget elementor-widget-heading\" data-id=\"64be7b0\" data-element_type=\"widget\" data-e-type=\"widget\" data-widget_type=\"heading.default\">\n\t\t\t\t<div class=\"elementor-widget-container\">\n\t\t\t\t\t<h2 class=\"elementor-heading-title elementor-size-default\">Willkommen auf der Website vom Kinder- und Jugendbeteiligungsb\u00fcro Treptow-K\u00f6penick!<\/h2>\t\t\t\t<\/div>\n\t\t\t\t<\/div>\n\t\t\t\t\t<\/div>\n\t\t<\/div>\n\t\t\t\t\t<\/div>\n\t\t<\/section>\n\t\t\t\t<section class=\"elementor-section elementor-top-section elementor-element elementor-element-a97fc1c elementor-section-boxed elementor-section-height-default elementor-section-height-default\" data-id=\"a97fc1c\" data-element_type=\"section\" data-e-type=\"section\">\n\t\t\t\t\t\t<div class=\"elementor-container elementor-column-gap-default\">\n\t\t\t\t\t<div class=\"elementor-column elementor-col-100 elementor-top-column elementor-element elementor-element-34f28ee\" data-id=\"34f28ee\" data-element_type=\"column\" data-e-type=\"column\">\n\t\t\t<div class=\"elementor-widget-wrap elementor-element-populated\">\n\t\t\t\t\t\t<div class=\"elementor-element elementor-element-ddc9099 elementor-widget elementor-widget-text-editor\" data-id=\"ddc9099\" data-element_type=\"widget\" data-e-type=\"widget\" data-widget_type=\"text-editor.default\">\n\t\t\t\t<div class=\"elementor-widget-container\">\n\t\t\t\t\t\t\t\t\t<p>Ihr &#8211; Kinder und Jugendliche aus Treptow-K\u00f6penick &#8211; habt ein <strong>Recht auf Mitbestimmung<\/strong> und <strong>Beteiligung<\/strong> in allen Bereichen, die euch betreffen! Egal ob ihr:<\/p><ul><li>eigene Projekte oder Ideen umsetzen wollt<\/li><li>Unterst\u00fctzung von Politik und Verwaltung braucht<\/li><li>im Kiez etwas ver\u00e4ndern wollt<\/li><li>oder einfach wissen wollt, was f\u00fcr Beteiligungsm\u00f6glichkeiten Treptow-K\u00f6penick bietet &#8211; wir sind f\u00fcr euch da und unterst\u00fctzen euch mit Rat und Tat!<\/li><\/ul><p>Mehr Informationen \u00fcber uns findet ihr unter &#8222;<em>Das sind wir&#8220;<\/em><\/p>\t\t\t\t\t\t\t\t<\/div>\n\t\t\t\t<\/div>\n\t\t\t\t\t<\/div>\n\t\t<\/div>\n\t\t\t\t\t<\/div>\n\t\t<\/section>\n\t\t\t\t<section class=\"elementor-section elementor-top-section elementor-element elementor-element-2699988 elementor-section-boxed elementor-section-height-default elementor-section-height-default\" data-id=\"2699988\" data-element_type=\"section\" data-e-type=\"section\">\n\t\t\t\t\t\t<div class=\"elementor-container elementor-column-gap-default\">\n\t\t\t\t\t<div class=\"elementor-column elementor-col-100 elementor-top-column elementor-element elementor-element-54bd9db\" data-id=\"54bd9db\" data-element_type=\"column\" data-e-type=\"column\">\n\t\t\t<div class=\"elementor-widget-wrap\">\n\t\t\t\t\t\t\t<\/div>\n\t\t<\/div>\n\t\t\t\t\t<\/div>\n\t\t<\/section>\n\t\t\t\t<section class=\"elementor-section elementor-top-section elementor-element elementor-element-6895c28 elementor-section-boxed elementor-section-height-default elementor-section-height-default\" data-id=\"6895c28\" data-element_type=\"section\" data-e-type=\"section\">\n\t\t\t\t\t\t<div class=\"elementor-container elementor-column-gap-default\">\n\t\t\t\t\t<div class=\"elementor-column elementor-col-33 elementor-top-column elementor-element elementor-element-651ba1d\" data-id=\"651ba1d\" data-element_type=\"column\" data-e-type=\"column\">\n\t\t\t<div class=\"elementor-widget-wrap elementor-element-populated\">\n\t\t\t\t\t\t<div class=\"elementor-element elementor-element-93b3bbb elementor-widget elementor-widget-image\" data-id=\"93b3bbb\" data-element_type=\"widget\" data-e-type=\"widget\" data-widget_type=\"image.default\">\n\t\t\t\t<div class=\"elementor-widget-container\">\n\t\t\t\t\t\t\t\t\t\t\t\t\t\t\t<img decoding=\"async\" width=\"1024\" height=\"1024\" src=\"https:\/\/kjbb-tk.de\/wp-content\/uploads\/2025\/04\/Design-ohne-Titel3-1024x1024.png\" class=\"attachment-large size-large wp-image-623 no-lazy\" alt=\"\" srcset=\"https:\/\/kjbb-tk.de\/wp-content\/uploads\/2025\/04\/Design-ohne-Titel3-1024x1024.png 1024w, https:\/\/kjbb-tk.de\/wp-content\/uploads\/2025\/04\/Design-ohne-Titel3-300x300.png 300w, https:\/\/kjbb-tk.de\/wp-content\/uploads\/2025\/04\/Design-ohne-Titel3-150x150.png 150w, https:\/\/kjbb-tk.de\/wp-content\/uploads\/2025\/04\/Design-ohne-Titel3-768x768.png 768w, https:\/\/kjbb-tk.de\/wp-content\/uploads\/2025\/04\/Design-ohne-Titel3-510x510.png 510w, https:\/\/kjbb-tk.de\/wp-content\/uploads\/2025\/04\/Design-ohne-Titel3.png 1080w\" sizes=\"(max-width: 1024px) 100vw, 1024px\" \/>\t\t\t\t\t\t\t\t\t\t\t\t\t\t\t<\/div>\n\t\t\t\t<\/div>\n\t\t\t\t\t<\/div>\n\t\t<\/div>\n\t\t\t\t<div class=\"elementor-column elementor-col-33 elementor-top-column elementor-element elementor-element-2a03c50\" data-id=\"2a03c50\" data-element_type=\"column\" data-e-type=\"column\">\n\t\t\t<div class=\"elementor-widget-wrap elementor-element-populated\">\n\t\t\t\t\t\t<div class=\"elementor-element elementor-element-794d9d3 elementor-widget__width-initial elementor-widget elementor-widget-image\" data-id=\"794d9d3\" data-element_type=\"widget\" data-e-type=\"widget\" data-widget_type=\"image.default\">\n\t\t\t\t<div class=\"elementor-widget-container\">\n\t\t\t\t\t\t\t\t\t\t\t\t\t\t\t<img decoding=\"async\" width=\"1024\" height=\"1024\" src=\"https:\/\/kjbb-tk.de\/wp-content\/uploads\/2025\/04\/20250417_122405-1024x1024.jpg\" class=\"attachment-large size-large wp-image-622 no-lazy\" alt=\"\" srcset=\"https:\/\/kjbb-tk.de\/wp-content\/uploads\/2025\/04\/20250417_122405-1024x1024.jpg 1024w, https:\/\/kjbb-tk.de\/wp-content\/uploads\/2025\/04\/20250417_122405-300x300.jpg 300w, https:\/\/kjbb-tk.de\/wp-content\/uploads\/2025\/04\/20250417_122405-150x150.jpg 150w, https:\/\/kjbb-tk.de\/wp-content\/uploads\/2025\/04\/20250417_122405-768x768.jpg 768w, https:\/\/kjbb-tk.de\/wp-content\/uploads\/2025\/04\/20250417_122405-1536x1536.jpg 1536w, https:\/\/kjbb-tk.de\/wp-content\/uploads\/2025\/04\/20250417_122405-2048x2048.jpg 2048w, https:\/\/kjbb-tk.de\/wp-content\/uploads\/2025\/04\/20250417_122405-510x510.jpg 510w\" sizes=\"(max-width: 1024px) 100vw, 1024px\" \/>\t\t\t\t\t\t\t\t\t\t\t\t\t\t\t<\/div>\n\t\t\t\t<\/div>\n\t\t\t\t\t<\/div>\n\t\t<\/div>\n\t\t\t\t<div class=\"elementor-column elementor-col-33 elementor-top-column elementor-element elementor-element-b37d926\" data-id=\"b37d926\" data-element_type=\"column\" data-e-type=\"column\">\n\t\t\t<div class=\"elementor-widget-wrap elementor-element-populated\">\n\t\t\t\t\t\t<div class=\"elementor-element elementor-element-bd445f6 elementor-widget__width-initial elementor-widget elementor-widget-image\" data-id=\"bd445f6\" data-element_type=\"widget\" data-e-type=\"widget\" data-widget_type=\"image.default\">\n\t\t\t\t<div class=\"elementor-widget-container\">\n\t\t\t\t\t\t\t\t\t\t\t\t\t\t\t<img loading=\"lazy\" decoding=\"async\" width=\"1011\" height=\"1024\" src=\"https:\/\/kjbb-tk.de\/wp-content\/uploads\/2024\/10\/20241001_114753-1011x1024.jpg\" class=\"attachment-large size-large wp-image-523 no-lazy\" alt=\"\" srcset=\"https:\/\/kjbb-tk.de\/wp-content\/uploads\/2024\/10\/20241001_114753-1011x1024.jpg 1011w, https:\/\/kjbb-tk.de\/wp-content\/uploads\/2024\/10\/20241001_114753-296x300.jpg 296w, https:\/\/kjbb-tk.de\/wp-content\/uploads\/2024\/10\/20241001_114753-768x778.jpg 768w, https:\/\/kjbb-tk.de\/wp-content\/uploads\/2024\/10\/20241001_114753-1516x1536.jpg 1516w, https:\/\/kjbb-tk.de\/wp-content\/uploads\/2024\/10\/20241001_114753.jpg 1848w\" sizes=\"(max-width: 1011px) 100vw, 1011px\" \/>\t\t\t\t\t\t\t\t\t\t\t\t\t\t\t<\/div>\n\t\t\t\t<\/div>\n\t\t\t\t\t<\/div>\n\t\t<\/div>\n\t\t\t\t\t<\/div>\n\t\t<\/section>\n\t\t\t\t<section class=\"elementor-section elementor-top-section elementor-element elementor-element-89e9c33 elementor-section-boxed elementor-section-height-default elementor-section-height-default\" data-id=\"89e9c33\" data-element_type=\"section\" data-e-type=\"section\">\n\t\t\t\t\t\t<div class=\"elementor-container elementor-column-gap-default\">\n\t\t\t\t\t<div class=\"elementor-column elementor-col-100 elementor-top-column elementor-element elementor-element-35222cd\" data-id=\"35222cd\" data-element_type=\"column\" data-e-type=\"column\">\n\t\t\t<div class=\"elementor-widget-wrap\">\n\t\t\t\t\t\t\t<\/div>\n\t\t<\/div>\n\t\t\t\t\t<\/div>\n\t\t<\/section>\n\t\t\t\t<section class=\"elementor-section elementor-top-section elementor-element elementor-element-406bdd1 elementor-section-boxed elementor-section-height-default elementor-section-height-default\" data-id=\"406bdd1\" data-element_type=\"section\" data-e-type=\"section\">\n\t\t\t\t\t\t<div class=\"elementor-container elementor-column-gap-default\">\n\t\t\t\t\t<div class=\"elementor-column elementor-col-100 elementor-top-column elementor-element elementor-element-f01e194\" data-id=\"f01e194\" data-element_type=\"column\" data-e-type=\"column\">\n\t\t\t<div class=\"elementor-widget-wrap elementor-element-populated\">\n\t\t\t\t\t\t<div class=\"elementor-element elementor-element-6597656 elementor-widget elementor-widget-text-editor\" data-id=\"6597656\" data-element_type=\"widget\" data-e-type=\"widget\" data-widget_type=\"text-editor.default\">\n\t\t\t\t<div class=\"elementor-widget-container\">\n\t\t\t\t\t\t\t\t\t<p style=\"text-align: center;\">Wenn ihr sehen wollt, was wir gerade f\u00fcr Projekte machen und was sonst noch so geht, dann schaut doch mal auf unserem Instagram vorbei &#8211; <span style=\"color: #333399;\"><a style=\"color: #333399;\" href=\"https:\/\/www.instagram.com\/kjbb.tk\/\"><em>@kjbb.tk<\/em><\/a><\/span> !\u00a0<\/p>\t\t\t\t\t\t\t\t<\/div>\n\t\t\t\t<\/div>\n\t\t\t\t\t<\/div>\n\t\t<\/div>\n\t\t\t\t\t<\/div>\n\t\t<\/section>\n\t\t\t\t<\/div>\n\t\t","protected":false},"excerpt":{"rendered":"<p>Willkommen auf der Website vom Kinder- und Jugendbeteiligungsb\u00fcro Treptow-K\u00f6penick! Ihr &#8211; Kinder und Jugendliche aus Treptow-K\u00f6penick &#8211; habt ein Recht auf Mitbestimmung und Beteiligung in allen Bereichen, die euch betreffen! Egal ob ihr: eigene Projekte oder Ideen umsetzen wollt Unterst\u00fctzung von Politik und Verwaltung braucht im Kiez etwas ver\u00e4ndern wollt oder einfach wissen wollt, was [&hellip;]<\/p>\n","protected":false},"author":1,"featured_media":0,"parent":0,"menu_order":0,"comment_status":"closed","ping_status":"closed","template":"","meta":{"footnotes":""},"class_list":["post-86","page","type-page","status-publish","czr-hentry"],"yoast_head":"<!-- This site is optimized with the Yoast SEO plugin v27.6 - https:\/\/yoast.com\/product\/yoast-seo-wordpress\/ -->\n<title>Das Kinder- und Jugendbeteiligungsb\u00fcro Treptow K\u00f6penick -<\/title>\n<meta name=\"robots\" content=\"index, follow, max-snippet:-1, max-image-preview:large, max-video-preview:-1\" \/>\n<link rel=\"canonical\" href=\"https:\/\/kjbb-tk.de\/\" \/>\n<meta property=\"og:locale\" content=\"de_DE\" \/>\n<meta property=\"og:type\" content=\"article\" \/>\n<meta property=\"og:title\" content=\"Das Kinder- und Jugendbeteiligungsb\u00fcro Treptow K\u00f6penick -\" \/>\n<meta property=\"og:description\" content=\"Willkommen auf der Website vom Kinder- und Jugendbeteiligungsb\u00fcro Treptow-K\u00f6penick! Ihr &#8211; Kinder und Jugendliche aus Treptow-K\u00f6penick &#8211; habt ein Recht auf Mitbestimmung und Beteiligung in allen Bereichen, die euch betreffen! Egal ob ihr: eigene Projekte oder Ideen umsetzen wollt Unterst\u00fctzung von Politik und Verwaltung braucht im Kiez etwas ver\u00e4ndern wollt oder einfach wissen wollt, was [&hellip;]\" \/>\n<meta property=\"og:url\" content=\"https:\/\/kjbb-tk.de\/\" \/>\n<meta property=\"article:modified_time\" content=\"2026-03-17T09:48:20+00:00\" \/>\n<meta property=\"og:image\" content=\"https:\/\/kjbb-tk.de\/wp-content\/uploads\/2022\/07\/KJBB_Web_Banner-scaled.jpg\" \/>\n\t<meta property=\"og:image:width\" content=\"2560\" \/>\n\t<meta property=\"og:image:height\" content=\"861\" \/>\n\t<meta property=\"og:image:type\" content=\"image\/jpeg\" \/>\n<meta name=\"twitter:card\" content=\"summary_large_image\" \/>\n<meta name=\"twitter:label1\" content=\"Gesch\u00e4tzte Lesezeit\" \/>\n\t<meta name=\"twitter:data1\" content=\"2\u00a0Minuten\" \/>\n<script type=\"application\/ld+json\" class=\"yoast-schema-graph\">{\"@context\":\"https:\\\/\\\/schema.org\",\"@graph\":[{\"@type\":\"WebPage\",\"@id\":\"https:\\\/\\\/kjbb-tk.de\\\/\",\"url\":\"https:\\\/\\\/kjbb-tk.de\\\/\",\"name\":\"Das Kinder- und Jugendbeteiligungsb\u00fcro Treptow K\u00f6penick -\",\"isPartOf\":{\"@id\":\"https:\\\/\\\/kjbb-tk.de\\\/#website\"},\"primaryImageOfPage\":{\"@id\":\"https:\\\/\\\/kjbb-tk.de\\\/#primaryimage\"},\"image\":{\"@id\":\"https:\\\/\\\/kjbb-tk.de\\\/#primaryimage\"},\"thumbnailUrl\":\"https:\\\/\\\/kjbb-tk.de\\\/wp-content\\\/uploads\\\/2022\\\/07\\\/KJBB_Web_Banner-1024x344.jpg\",\"datePublished\":\"2022-01-21T10:25:07+00:00\",\"dateModified\":\"2026-03-17T09:48:20+00:00\",\"breadcrumb\":{\"@id\":\"https:\\\/\\\/kjbb-tk.de\\\/#breadcrumb\"},\"inLanguage\":\"de\",\"potentialAction\":[{\"@type\":\"ReadAction\",\"target\":[\"https:\\\/\\\/kjbb-tk.de\\\/\"]}]},{\"@type\":\"ImageObject\",\"inLanguage\":\"de\",\"@id\":\"https:\\\/\\\/kjbb-tk.de\\\/#primaryimage\",\"url\":\"https:\\\/\\\/kjbb-tk.de\\\/wp-content\\\/uploads\\\/2022\\\/07\\\/KJBB_Web_Banner-scaled.jpg\",\"contentUrl\":\"https:\\\/\\\/kjbb-tk.de\\\/wp-content\\\/uploads\\\/2022\\\/07\\\/KJBB_Web_Banner-scaled.jpg\",\"width\":2560,\"height\":861},{\"@type\":\"BreadcrumbList\",\"@id\":\"https:\\\/\\\/kjbb-tk.de\\\/#breadcrumb\",\"itemListElement\":[{\"@type\":\"ListItem\",\"position\":1,\"name\":\"Startseite\",\"item\":\"https:\\\/\\\/kjbb-tk.de\\\/\"},{\"@type\":\"ListItem\",\"position\":2,\"name\":\"Das Kinder- und Jugendbeteiligungsb\u00fcro Treptow K\u00f6penick\"}]},{\"@type\":\"WebSite\",\"@id\":\"https:\\\/\\\/kjbb-tk.de\\\/#website\",\"url\":\"https:\\\/\\\/kjbb-tk.de\\\/\",\"name\":\"\",\"description\":\"Das Kinder- und Jugendbeteiligungsb\u00fcro Treptow K\u00f6penick\",\"potentialAction\":[{\"@type\":\"SearchAction\",\"target\":{\"@type\":\"EntryPoint\",\"urlTemplate\":\"https:\\\/\\\/kjbb-tk.de\\\/?s={search_term_string}\"},\"query-input\":{\"@type\":\"PropertyValueSpecification\",\"valueRequired\":true,\"valueName\":\"search_term_string\"}}],\"inLanguage\":\"de\"}]}<\/script>\n<!-- \/ Yoast SEO plugin. -->","yoast_head_json":{"title":"Das Kinder- und Jugendbeteiligungsb\u00fcro Treptow K\u00f6penick -","robots":{"index":"index","follow":"follow","max-snippet":"max-snippet:-1","max-image-preview":"max-image-preview:large","max-video-preview":"max-video-preview:-1"},"canonical":"https:\/\/kjbb-tk.de\/","og_locale":"de_DE","og_type":"article","og_title":"Das Kinder- und Jugendbeteiligungsb\u00fcro Treptow K\u00f6penick -","og_description":"Willkommen auf der Website vom Kinder- und Jugendbeteiligungsb\u00fcro Treptow-K\u00f6penick! Ihr &#8211; Kinder und Jugendliche aus Treptow-K\u00f6penick &#8211; habt ein Recht auf Mitbestimmung und Beteiligung in allen Bereichen, die euch betreffen! Egal ob ihr: eigene Projekte oder Ideen umsetzen wollt Unterst\u00fctzung von Politik und Verwaltung braucht im Kiez etwas ver\u00e4ndern wollt oder einfach wissen wollt, was [&hellip;]","og_url":"https:\/\/kjbb-tk.de\/","article_modified_time":"2026-03-17T09:48:20+00:00","og_image":[{"width":2560,"height":861,"url":"https:\/\/kjbb-tk.de\/wp-content\/uploads\/2022\/07\/KJBB_Web_Banner-scaled.jpg","type":"image\/jpeg"}],"twitter_card":"summary_large_image","twitter_misc":{"Gesch\u00e4tzte Lesezeit":"2\u00a0Minuten"},"schema":{"@context":"https:\/\/schema.org","@graph":[{"@type":"WebPage","@id":"https:\/\/kjbb-tk.de\/","url":"https:\/\/kjbb-tk.de\/","name":"Das Kinder- und Jugendbeteiligungsb\u00fcro Treptow K\u00f6penick -","isPartOf":{"@id":"https:\/\/kjbb-tk.de\/#website"},"primaryImageOfPage":{"@id":"https:\/\/kjbb-tk.de\/#primaryimage"},"image":{"@id":"https:\/\/kjbb-tk.de\/#primaryimage"},"thumbnailUrl":"https:\/\/kjbb-tk.de\/wp-content\/uploads\/2022\/07\/KJBB_Web_Banner-1024x344.jpg","datePublished":"2022-01-21T10:25:07+00:00","dateModified":"2026-03-17T09:48:20+00:00","breadcrumb":{"@id":"https:\/\/kjbb-tk.de\/#breadcrumb"},"inLanguage":"de","potentialAction":[{"@type":"ReadAction","target":["https:\/\/kjbb-tk.de\/"]}]},{"@type":"ImageObject","inLanguage":"de","@id":"https:\/\/kjbb-tk.de\/#primaryimage","url":"https:\/\/kjbb-tk.de\/wp-content\/uploads\/2022\/07\/KJBB_Web_Banner-scaled.jpg","contentUrl":"https:\/\/kjbb-tk.de\/wp-content\/uploads\/2022\/07\/KJBB_Web_Banner-scaled.jpg","width":2560,"height":861},{"@type":"BreadcrumbList","@id":"https:\/\/kjbb-tk.de\/#breadcrumb","itemListElement":[{"@type":"ListItem","position":1,"name":"Startseite","item":"https:\/\/kjbb-tk.de\/"},{"@type":"ListItem","position":2,"name":"Das Kinder- und Jugendbeteiligungsb\u00fcro Treptow K\u00f6penick"}]},{"@type":"WebSite","@id":"https:\/\/kjbb-tk.de\/#website","url":"https:\/\/kjbb-tk.de\/","name":"","description":"Das Kinder- und Jugendbeteiligungsb\u00fcro Treptow K\u00f6penick","potentialAction":[{"@type":"SearchAction","target":{"@type":"EntryPoint","urlTemplate":"https:\/\/kjbb-tk.de\/?s={search_term_string}"},"query-input":{"@type":"PropertyValueSpecification","valueRequired":true,"valueName":"search_term_string"}}],"inLanguage":"de"}]}},"_links":{"self":[{"href":"https:\/\/kjbb-tk.de\/index.php\/wp-json\/wp\/v2\/pages\/86","targetHints":{"allow":["GET"]}}],"collection":[{"href":"https:\/\/kjbb-tk.de\/index.php\/wp-json\/wp\/v2\/pages"}],"about":[{"href":"https:\/\/kjbb-tk.de\/index.php\/wp-json\/wp\/v2\/types\/page"}],"author":[{"embeddable":true,"href":"https:\/\/kjbb-tk.de\/index.php\/wp-json\/wp\/v2\/users\/1"}],"replies":[{"embeddable":true,"href":"https:\/\/kjbb-tk.de\/index.php\/wp-json\/wp\/v2\/comments?post=86"}],"version-history":[{"count":87,"href":"https:\/\/kjbb-tk.de\/index.php\/wp-json\/wp\/v2\/pages\/86\/revisions"}],"predecessor-version":[{"id":744,"href":"https:\/\/kjbb-tk.de\/index.php\/wp-json\/wp\/v2\/pages\/86\/revisions\/744"}],"wp:attachment":[{"href":"https:\/\/kjbb-tk.de\/index.php\/wp-json\/wp\/v2\/media?parent=86"}],"curies":[{"name":"wp","href":"https:\/\/api.w.org\/{rel}","templated":true}]}}